{"id":2,"date":"2026-01-14T12:06:29","date_gmt":"2026-01-14T12:06:29","guid":{"rendered":"https:\/\/inovcompositos.com\/?page_id=2"},"modified":"2026-01-14T12:42:42","modified_gmt":"2026-01-14T12:42:42","slug":"sample-page","status":"publish","type":"page","link":"https:\/\/inovcompositos.com\/","title":{"rendered":"Comercializamos"},"content":{"rendered":"\n<figure class=\"wp-block-image size-large\"><img loading=\"lazy\" decoding=\"async\" width=\"1024\" height=\"298\" src=\"https:\/\/inovcompositos.com\/wp-content\/uploads\/2026\/01\/bidons-1-1024x298.jpg\" alt=\"\" class=\"wp-image-41\" srcset=\"https:\/\/inovcompositos.com\/wp-content\/uploads\/2026\/01\/bidons-1-1024x298.jpg 1024w, https:\/\/inovcompositos.com\/wp-content\/uploads\/2026\/01\/bidons-1-300x87.jpg 300w, https:\/\/inovcompositos.com\/wp-content\/uploads\/2026\/01\/bidons-1-768x223.jpg 768w, https:\/\/inovcompositos.com\/wp-content\/uploads\/2026\/01\/bidons-1-1536x447.jpg 1536w, https:\/\/inovcompositos.com\/wp-content\/uploads\/2026\/01\/bidons-1-2048x596.jpg 2048w\" sizes=\"auto, (max-width: 767px) 89vw, (max-width: 1000px) 54vw, (max-width: 1071px) 543px, 580px\" \/><\/figure>\n\n\n\n<p>Resina de poli\u00e9ster(ortoft\u00e1lica, isoft\u00e1lica),resina vinilester, resina epoxy e respectivos catalisadores<\/p>\n\n\n\n<p>Fibra de vidro, tecido de roving, rovimat, tecido de carbono<\/p>\n\n\n\n<p>Borracha de silicone para moldes<\/p>\n\n\n\n<p>Pasta pigmentada para poli\u00e9ster<\/p>\n\n\n\n<p>Talco industrial, carbonato de c\u00e1lcio, s\u00edlica pirogenada<\/p>\n\n\n\n<p>PU expansivo e compacto<\/p>\n\n\n\n<p>Acetona, diluente celuloso<\/p>\n","protected":false},"excerpt":{"rendered":"<p>Resina de poli\u00e9ster(ortoft\u00e1lica, isoft\u00e1lica),resina vinilester, resina epoxy e respectivos catalisadores Fibra de vidro, tecido de roving, rovimat, tecido de carbono Borracha de silicone para moldes Pasta pigmentada para poli\u00e9ster Talco industrial, carbonato de c\u00e1lcio, s\u00edlica pirogenada PU expansivo e compacto Acetona, diluente celuloso<\/p>\n","protected":false},"author":2,"featured_media":0,"parent":0,"menu_order":0,"comment_status":"closed","ping_status":"open","template":"","meta":{"footnotes":""},"class_list":["post-2","page","type-page","status-publish","hentry"],"_links":{"self":[{"href":"https:\/\/inovcompositos.com\/index.php\/wp-json\/wp\/v2\/pages\/2","targetHints":{"allow":["GET"]}}],"collection":[{"href":"https:\/\/inovcompositos.com\/index.php\/wp-json\/wp\/v2\/pages"}],"about":[{"href":"https:\/\/inovcompositos.com\/index.php\/wp-json\/wp\/v2\/types\/page"}],"author":[{"embeddable":true,"href":"https:\/\/inovcompositos.com\/index.php\/wp-json\/wp\/v2\/users\/2"}],"replies":[{"embeddable":true,"href":"https:\/\/inovcompositos.com\/index.php\/wp-json\/wp\/v2\/comments?post=2"}],"version-history":[{"count":2,"href":"https:\/\/inovcompositos.com\/index.php\/wp-json\/wp\/v2\/pages\/2\/revisions"}],"predecessor-version":[{"id":42,"href":"https:\/\/inovcompositos.com\/index.php\/wp-json\/wp\/v2\/pages\/2\/revisions\/42"}],"wp:attachment":[{"href":"https:\/\/inovcompositos.com\/index.php\/wp-json\/wp\/v2\/media?parent=2"}],"curies":[{"name":"wp","href":"https:\/\/api.w.org\/{rel}","templated":true}]}}